{"id":442,"date":"2021-08-16T10:45:21","date_gmt":"2021-08-16T08:45:21","guid":{"rendered":"https:\/\/zusammen.org\/ruennerladen\/"},"modified":"2021-08-16T10:45:21","modified_gmt":"2021-08-16T08:45:21","slug":"ruennerladen","status":"publish","type":"page","link":"https:\/\/zusammen.org\/platt\/ruennerladen\/","title":{"rendered":"R\u00fcnnerladen"},"content":{"rendered":"<div class=\"wpb-content-wrapper\"><p>[vc_row padding_top_multiplier=&#8221;4x&#8221; padding_bottom_multiplier=&#8221;4x&#8221; rc_bg_type=&#8221;color&#8221; rc_bg_color=&#8221;#ffffff&#8221;][vc_column width=&#8221;1\/2&#8243; content_width=&#8221;custom&#8221; vertical_content_position=&#8221;middle&#8221; custom_content_width=&#8221;500&#8243;]<h3 class=\"grve-element grve-title grve-align-inherit grve-h4\"><span>Mediendateien taun R\u00fcnnerladen<\/span><\/h3>[vc_column_text]Op d\u00fcsse Siet hebbt wi Dateien f\u00f6r Jo praat stellt, de Ji r\u00fcnnerladen k\u00f6nnt.[\/vc_column_text][\/vc_column][vc_column width=&#8221;1\/4&#8243;]<div data-animation=\"fade-in-up\" data-delay=\"200\" data-duration=\"slow\" class=\"grve-element grve-fancy-box grve-align-left grve-animated-item grve-bg-light-grey grve-radius-5\"><div class=\"grve-fancy-box-inner\"><div class=\"grve-fancy-box-icon\"><span class=\"grve-icon fas fa-file-alt grve-text-dark-grey grve-medium\"><\/span><\/div><h3 class=\"grve-title grve-heading-color grve-h6\" style=\"\">Wahlprogramm ZUS<\/h3><p class=\"grve-description\">Flyer als Download<\/p>  <\/div><a href=\"https:\/\/zusammen.org\/wp-content\/uploads\/2021\/08\/ZUS_Flyer_Wahlprogramm.pdf\" class=\"grve-item-url \"><\/a><div class=\"grve-fancy-box-bg grve-bg-red grve-radius-5\"><\/div><\/div>[\/vc_column][vc_column width=&#8221;1\/4&#8243;]<div data-animation=\"fade-in-up\" data-delay=\"200\" data-duration=\"slow\" class=\"grve-element grve-fancy-box grve-align-left grve-animated-item grve-bg-light-grey grve-radius-5\"><div class=\"grve-fancy-box-inner\"><div class=\"grve-fancy-box-icon\"><span class=\"grve-icon fas fa-file-alt grve-text-dark-grey grve-medium\"><\/span><\/div><h3 class=\"grve-title grve-heading-color grve-h6\" style=\"\">Vorstellung ZUS<\/h3><p class=\"grve-description\">Flyer als Download<\/p>  <\/div><a href=\"https:\/\/zusammen.org\/wp-content\/uploads\/2021\/08\/ZUS_Flyer_Vorstellung.pdf\" class=\"grve-item-url \"><\/a><div class=\"grve-fancy-box-bg grve-bg-blue grve-radius-5\"><\/div><\/div>[\/vc_column][vc_column]<div class=\"grve-empty-space grve-height-1x\"><\/div>[\/vc_column][\/vc_row]<\/p>\n<\/div>","protected":false},"excerpt":{"rendered":"<p>[vc_row padding_top_multiplier=&#8221;4x&#8221; padding_bottom_multiplier=&#8221;4x&#8221; rc_bg_type=&#8221;color&#8221; rc_bg_color=&#8221;#ffffff&#8221;][vc_column width=&#8221;1\/2&#8243; content_width=&#8221;custom&#8221; vertical_content_position=&#8221;middle&#8221; custom_content_width=&#8221;500&#8243;][vc_column_text]Op d\u00fcsse Siet hebbt wi Dateien f\u00f6r Jo praat stellt, de Ji r\u00fcnnerladen k\u00f6nnt.[\/vc_column_text][\/vc_column][vc_column width=&#8221;1\/4&#8243;][\/vc_column][vc_column width=&#8221;1\/4&#8243;][\/vc_column][vc_column][\/vc_column][\/vc_row]<\/p>\n","protected":false},"author":1,"featured_media":0,"parent":0,"menu_order":0,"comment_status":"closed","ping_status":"closed","template":"","meta":{"footnotes":""},"class_list":["post-442","page","type-page","status-publish","hentry","grve-entry-item"],"yoast_head":"<!-- This site is optimized with the Yoast SEO plugin v26.1.1 - https:\/\/yoast.com\/wordpress\/plugins\/seo\/ -->\n<title>R\u00fcnnerladen - ZUSammen<\/title>\n<meta name=\"description\" content=\"ZUS - TAUKUNFT \u2013 \u00dcMWELT \u2013 SOZIALET - Mediendateien taun R\u00fcnnerladen.\" \/>\n<meta name=\"robots\" content=\"index, follow, max-snippet:-1, max-image-preview:large, max-video-preview:-1\" \/>\n<link rel=\"canonical\" href=\"https:\/\/zusammen.org\/platt\/ruennerladen\/\" \/>\n<meta property=\"og:locale\" content=\"de_DE\" \/>\n<meta property=\"og:type\" content=\"article\" \/>\n<meta property=\"og:title\" content=\"R\u00fcnnerladen - ZUSammen\" \/>\n<meta property=\"og:description\" content=\"ZUS - TAUKUNFT \u2013 \u00dcMWELT \u2013 SOZIALET - Mediendateien taun R\u00fcnnerladen.\" \/>\n<meta property=\"og:url\" content=\"https:\/\/zusammen.org\/platt\/ruennerladen\/\" \/>\n<meta property=\"og:site_name\" content=\"ZUSammen\" \/>\n<meta property=\"article:publisher\" content=\"https:\/\/www.facebook.com\/zukunft.umwelt.soziales\" \/>\n<meta property=\"og:image\" content=\"https:\/\/zusammen.org\/wp-content\/uploads\/2021\/07\/ZUS-OG.jpg\" \/>\n\t<meta property=\"og:image:width\" content=\"1200\" \/>\n\t<meta property=\"og:image:height\" content=\"628\" \/>\n\t<meta property=\"og:image:type\" content=\"image\/jpeg\" \/>\n<meta name=\"twitter:card\" content=\"summary_large_image\" \/>\n<meta name=\"twitter:title\" content=\"R\u00fcnnerladen - ZUSammen\" \/>\n<meta name=\"twitter:description\" content=\"ZUS - TAUKUNFT \u2013 \u00dcMWELT \u2013 SOZIALET - Mediendateien taun R\u00fcnnerladen.\" \/>\n<meta name=\"twitter:label1\" content=\"Est. reading time\" \/>\n\t<meta name=\"twitter:data1\" content=\"1 minute\" \/>\n<script type=\"application\/ld+json\" class=\"yoast-schema-graph\">{\"@context\":\"https:\/\/schema.org\",\"@graph\":[{\"@type\":\"WebPage\",\"@id\":\"https:\/\/zusammen.org\/platt\/ruennerladen\/\",\"url\":\"https:\/\/zusammen.org\/platt\/ruennerladen\/\",\"name\":\"R\u00fcnnerladen - ZUSammen\",\"isPartOf\":{\"@id\":\"https:\/\/zusammen.org\/platt\/#website\"},\"datePublished\":\"2021-08-16T08:45:21+00:00\",\"description\":\"ZUS - TAUKUNFT \u2013 \u00dcMWELT \u2013 SOZIALET - Mediendateien taun R\u00fcnnerladen.\",\"breadcrumb\":{\"@id\":\"https:\/\/zusammen.org\/platt\/ruennerladen\/#breadcrumb\"},\"inLanguage\":\"de-PL\",\"potentialAction\":[{\"@type\":\"ReadAction\",\"target\":[\"https:\/\/zusammen.org\/platt\/ruennerladen\/\"]}]},{\"@type\":\"BreadcrumbList\",\"@id\":\"https:\/\/zusammen.org\/platt\/ruennerladen\/#breadcrumb\",\"itemListElement\":[{\"@type\":\"ListItem\",\"position\":1,\"name\":\"Startseite\",\"item\":\"https:\/\/zusammen.org\/platt\/\"},{\"@type\":\"ListItem\",\"position\":2,\"name\":\"R\u00fcnnerladen\"}]},{\"@type\":\"WebSite\",\"@id\":\"https:\/\/zusammen.org\/platt\/#website\",\"url\":\"https:\/\/zusammen.org\/platt\/\",\"name\":\"ZUSammen\",\"description\":\"\",\"publisher\":{\"@id\":\"https:\/\/zusammen.org\/platt\/#organization\"},\"potentialAction\":[{\"@type\":\"SearchAction\",\"target\":{\"@type\":\"EntryPoint\",\"urlTemplate\":\"https:\/\/zusammen.org\/platt\/?s={search_term_string}\"},\"query-input\":{\"@type\":\"PropertyValueSpecification\",\"valueRequired\":true,\"valueName\":\"search_term_string\"}}],\"inLanguage\":\"de-PL\"},{\"@type\":\"Organization\",\"@id\":\"https:\/\/zusammen.org\/platt\/#organization\",\"name\":\"ZUSammen W\u00e4hlergruppe\",\"url\":\"https:\/\/zusammen.org\/platt\/\",\"logo\":{\"@type\":\"ImageObject\",\"inLanguage\":\"de-PL\",\"@id\":\"https:\/\/zusammen.org\/platt\/#\/schema\/logo\/image\/\",\"url\":\"https:\/\/zusammen.org\/wp-content\/uploads\/2021\/07\/ZUS-Header-Web-1.png\",\"contentUrl\":\"https:\/\/zusammen.org\/wp-content\/uploads\/2021\/07\/ZUS-Header-Web-1.png\",\"width\":2268,\"height\":1134,\"caption\":\"ZUSammen W\u00e4hlergruppe\"},\"image\":{\"@id\":\"https:\/\/zusammen.org\/platt\/#\/schema\/logo\/image\/\"},\"sameAs\":[\"https:\/\/www.facebook.com\/zukunft.umwelt.soziales\",\"https:\/\/www.instagram.com\/zukunft_umwelt_soziales\/\"]}]}<\/script>\n<!-- \/ Yoast SEO plugin. -->","yoast_head_json":{"title":"R\u00fcnnerladen - ZUSammen","description":"ZUS - TAUKUNFT \u2013 \u00dcMWELT \u2013 SOZIALET - Mediendateien taun R\u00fcnnerladen.","robots":{"index":"index","follow":"follow","max-snippet":"max-snippet:-1","max-image-preview":"max-image-preview:large","max-video-preview":"max-video-preview:-1"},"canonical":"https:\/\/zusammen.org\/platt\/ruennerladen\/","og_locale":"de_DE","og_type":"article","og_title":"R\u00fcnnerladen - ZUSammen","og_description":"ZUS - TAUKUNFT \u2013 \u00dcMWELT \u2013 SOZIALET - Mediendateien taun R\u00fcnnerladen.","og_url":"https:\/\/zusammen.org\/platt\/ruennerladen\/","og_site_name":"ZUSammen","article_publisher":"https:\/\/www.facebook.com\/zukunft.umwelt.soziales","og_image":[{"width":1200,"height":628,"url":"https:\/\/zusammen.org\/wp-content\/uploads\/2021\/07\/ZUS-OG.jpg","type":"image\/jpeg"}],"twitter_card":"summary_large_image","twitter_title":"R\u00fcnnerladen - ZUSammen","twitter_description":"ZUS - TAUKUNFT \u2013 \u00dcMWELT \u2013 SOZIALET - Mediendateien taun R\u00fcnnerladen.","twitter_misc":{"Est. reading time":"1 minute"},"schema":{"@context":"https:\/\/schema.org","@graph":[{"@type":"WebPage","@id":"https:\/\/zusammen.org\/platt\/ruennerladen\/","url":"https:\/\/zusammen.org\/platt\/ruennerladen\/","name":"R\u00fcnnerladen - ZUSammen","isPartOf":{"@id":"https:\/\/zusammen.org\/platt\/#website"},"datePublished":"2021-08-16T08:45:21+00:00","description":"ZUS - TAUKUNFT \u2013 \u00dcMWELT \u2013 SOZIALET - Mediendateien taun R\u00fcnnerladen.","breadcrumb":{"@id":"https:\/\/zusammen.org\/platt\/ruennerladen\/#breadcrumb"},"inLanguage":"de-PL","potentialAction":[{"@type":"ReadAction","target":["https:\/\/zusammen.org\/platt\/ruennerladen\/"]}]},{"@type":"BreadcrumbList","@id":"https:\/\/zusammen.org\/platt\/ruennerladen\/#breadcrumb","itemListElement":[{"@type":"ListItem","position":1,"name":"Startseite","item":"https:\/\/zusammen.org\/platt\/"},{"@type":"ListItem","position":2,"name":"R\u00fcnnerladen"}]},{"@type":"WebSite","@id":"https:\/\/zusammen.org\/platt\/#website","url":"https:\/\/zusammen.org\/platt\/","name":"ZUSammen","description":"","publisher":{"@id":"https:\/\/zusammen.org\/platt\/#organization"},"potentialAction":[{"@type":"SearchAction","target":{"@type":"EntryPoint","urlTemplate":"https:\/\/zusammen.org\/platt\/?s={search_term_string}"},"query-input":{"@type":"PropertyValueSpecification","valueRequired":true,"valueName":"search_term_string"}}],"inLanguage":"de-PL"},{"@type":"Organization","@id":"https:\/\/zusammen.org\/platt\/#organization","name":"ZUSammen W\u00e4hlergruppe","url":"https:\/\/zusammen.org\/platt\/","logo":{"@type":"ImageObject","inLanguage":"de-PL","@id":"https:\/\/zusammen.org\/platt\/#\/schema\/logo\/image\/","url":"https:\/\/zusammen.org\/wp-content\/uploads\/2021\/07\/ZUS-Header-Web-1.png","contentUrl":"https:\/\/zusammen.org\/wp-content\/uploads\/2021\/07\/ZUS-Header-Web-1.png","width":2268,"height":1134,"caption":"ZUSammen W\u00e4hlergruppe"},"image":{"@id":"https:\/\/zusammen.org\/platt\/#\/schema\/logo\/image\/"},"sameAs":["https:\/\/www.facebook.com\/zukunft.umwelt.soziales","https:\/\/www.instagram.com\/zukunft_umwelt_soziales\/"]}]}},"_links":{"self":[{"href":"https:\/\/zusammen.org\/platt\/wp-json\/wp\/v2\/pages\/442","targetHints":{"allow":["GET"]}}],"collection":[{"href":"https:\/\/zusammen.org\/platt\/wp-json\/wp\/v2\/pages"}],"about":[{"href":"https:\/\/zusammen.org\/platt\/wp-json\/wp\/v2\/types\/page"}],"author":[{"embeddable":true,"href":"https:\/\/zusammen.org\/platt\/wp-json\/wp\/v2\/users\/1"}],"replies":[{"embeddable":true,"href":"https:\/\/zusammen.org\/platt\/wp-json\/wp\/v2\/comments?post=442"}],"version-history":[{"count":2,"href":"https:\/\/zusammen.org\/platt\/wp-json\/wp\/v2\/pages\/442\/revisions"}],"predecessor-version":[{"id":444,"href":"https:\/\/zusammen.org\/platt\/wp-json\/wp\/v2\/pages\/442\/revisions\/444"}],"wp:attachment":[{"href":"https:\/\/zusammen.org\/platt\/wp-json\/wp\/v2\/media?parent=442"}],"curies":[{"name":"wp","href":"https:\/\/api.w.org\/{rel}","templated":true}]}}